{"id":428,"date":"2021-06-22T21:36:50","date_gmt":"2021-06-22T21:36:50","guid":{"rendered":"https:\/\/diabetesyobesidad.org\/web\/?page_id=428"},"modified":"2022-03-04T14:56:20","modified_gmt":"2022-03-04T14:56:20","slug":"staff-medico","status":"publish","type":"page","link":"https:\/\/diabetesyobesidad.org\/web\/staff-medico\/","title":{"rendered":"Staff medico"},"content":{"rendered":"\t\t<div data-elementor-type=\"wp-page\" data-elementor-id=\"428\" class=\"elementor elementor-428\" data-elementor-settings=\"[]\">\n\t\t\t\t\t\t\t<div class=\"elementor-section-wrap\">\n\t\t\t\t\t\t\t<section class=\"elementor-section elementor-top-section elementor-element elementor-element-34475a2 elementor-section-full_width elementor-section-stretched elementor-section-height-default elementor-section-height-default\" data-id=\"34475a2\" data-element_type=\"section\" data-settings=\"{&quot;stretch_section&quot;:&quot;section-stretched&quot;,&quot;background_background&quot;:&quot;classic&quot;}\">\n\t\t\t\t\t\t\t<div class=\"elementor-background-overlay\"><\/div>\n\t\t\t\t\t\t\t<div class=\"elementor-container elementor-column-gap-no\">\n\t\t\t\t\t<div class=\"elementor-column elementor-col-100 elementor-top-column elementor-element elementor-element-bca662f\" data-id=\"bca662f\" data-element_type=\"column\">\n\t\t\t<div class=\"elementor-widget-wrap elementor-element-populated\">\n\t\t\t\t\t\t\t\t<div class=\"elementor-element elementor-element-11ad505 elementor-widget elementor-widget-heading\" data-id=\"11ad505\" data-element_type=\"widget\" data-widget_type=\"heading.default\">\n\t\t\t\t<div class=\"elementor-widget-container\">\n\t\t\t<h1 class=\"elementor-heading-title elementor-size-default\">Staff M\u00e9dico<\/h1>\t\t<\/div>\n\t\t\t\t<\/div>\n\t\t\t\t\t<\/div>\n\t\t<\/div>\n\t\t\t\t\t\t\t<\/div>\n\t\t<\/section>\n\t\t\t\t<section class=\"elementor-section elementor-top-section elementor-element elementor-element-87c0c6a elementor-section-boxed elementor-section-height-default elementor-section-height-default\" data-id=\"87c0c6a\" data-element_type=\"section\">\n\t\t\t\t\t\t<div class=\"elementor-container elementor-column-gap-default\">\n\t\t\t\t\t<div class=\"elementor-column elementor-col-100 elementor-top-column elementor-element elementor-element-b5095b3\" data-id=\"b5095b3\" data-element_type=\"column\">\n\t\t\t<div class=\"elementor-widget-wrap elementor-element-populated\">\n\t\t\t\t\t\t\t\t<div class=\"elementor-element elementor-element-bc000b5 elementor-widget elementor-widget-rt-doctor\" data-id=\"bc000b5\" data-element_type=\"widget\" data-widget_type=\"rt-doctor.default\">\n\t\t\t\t<div class=\"elementor-widget-container\">\n\t\t\t\n<div class=\"rt-el-doctor-grid-2 row no-equal-gallery\">\n\t\t\t\t\t\t\t\t\t\t<div class=\"rtin-item no-equal-item col-lg-4 col-md-4 col-sm-12 col-xs-12\">\n\n\t\t\t\t\t <div class=\"team-box-layout2\">\n                            \t\t\t\t\t\t\t\t\t    \n                        \t\t<div class=\"item-img\">                           \n\t\t\t\t\t\t\t\t   <img loading=\"lazy\" decoding=\"async\" width=\"230\" height=\"230\" src=\"https:\/\/diabetesyobesidad.org\/web\/wp-content\/uploads\/2021\/06\/FOTO-MIGUEL-DIAZ-230x230.jpg\" class=\"attachment-medilink-size5 size-medilink-size5 wp-post-image\" alt=\"\" srcset=\"https:\/\/diabetesyobesidad.org\/web\/wp-content\/uploads\/2021\/06\/FOTO-MIGUEL-DIAZ-230x230.jpg 230w, https:\/\/diabetesyobesidad.org\/web\/wp-content\/uploads\/2021\/06\/FOTO-MIGUEL-DIAZ-300x300.jpg 300w, https:\/\/diabetesyobesidad.org\/web\/wp-content\/uploads\/2021\/06\/FOTO-MIGUEL-DIAZ-100x100.jpg 100w, https:\/\/diabetesyobesidad.org\/web\/wp-content\/uploads\/2021\/06\/FOTO-MIGUEL-DIAZ-600x600.jpg 600w, https:\/\/diabetesyobesidad.org\/web\/wp-content\/uploads\/2021\/06\/FOTO-MIGUEL-DIAZ-150x150.jpg 150w, https:\/\/diabetesyobesidad.org\/web\/wp-content\/uploads\/2021\/06\/FOTO-MIGUEL-DIAZ-70x70.jpg 70w, https:\/\/diabetesyobesidad.org\/web\/wp-content\/uploads\/2021\/06\/FOTO-MIGUEL-DIAZ-315x315.jpg 315w, https:\/\/diabetesyobesidad.org\/web\/wp-content\/uploads\/2021\/06\/FOTO-MIGUEL-DIAZ.jpg 640w\" sizes=\"auto, (max-width: 230px) 100vw, 230px\" \/>\t                            <ul class=\"item-icon\">\n\t                                <li>\n\t                                    <a href=\"https:\/\/diabetesyobesidad.org\/web\/doctores\/dr-miguel-angel-guillen-diaz\/\">\n\t                                        <i class=\"fas fa-plus\"><\/i>\n\t                                    <\/a>\n\t                                <\/li>\n\t                            <\/ul>\n                        \t\t<\/div>\n                                                <div class=\"item-content\">\n                            <h3 class=\"item-title\">\n                              <a href=\"https:\/\/diabetesyobesidad.org\/web\/doctores\/dr-miguel-angel-guillen-diaz\/\">Dr. Miguel Angel Guillen D\u00edaz<\/a>\n                            <\/h3>                       \n \t\t\t\t\t\t\t                             \t<p>M\u00e9dico Endocrin\u00f3logo<\/p>\n \t\t\t\t\t\t\t                        <\/div>\n                     \t<div class=\"item-content-txt text-center\"><p><\/p><\/div>\n\t\t\t\t\t        <div class=\"item-schedule\">\t\t\t\t\t          \n\t\t\t\t\t             \t\t\n\t\t\t\t\t        <\/div>\n\t\t\t\t  \t\t                      \n                    <\/div>\n\n\n                    \n                <\/div>\n\t\t\t\t\t\t\t\t\t<div class=\"rtin-item no-equal-item col-lg-4 col-md-4 col-sm-12 col-xs-12\">\n\n\t\t\t\t\t <div class=\"team-box-layout2\">\n                            \t\t\t\t\t\t\t\t\t    \n                        \t\t<div class=\"item-img\">                           \n\t\t\t\t\t\t\t\t   <img loading=\"lazy\" decoding=\"async\" width=\"230\" height=\"230\" src=\"https:\/\/diabetesyobesidad.org\/web\/wp-content\/uploads\/2021\/08\/paz-ibarra2-230x230.jpg\" class=\"attachment-medilink-size5 size-medilink-size5 wp-post-image\" alt=\"\" srcset=\"https:\/\/diabetesyobesidad.org\/web\/wp-content\/uploads\/2021\/08\/paz-ibarra2-230x230.jpg 230w, https:\/\/diabetesyobesidad.org\/web\/wp-content\/uploads\/2021\/08\/paz-ibarra2-100x100.jpg 100w, https:\/\/diabetesyobesidad.org\/web\/wp-content\/uploads\/2021\/08\/paz-ibarra2-150x150.jpg 150w, https:\/\/diabetesyobesidad.org\/web\/wp-content\/uploads\/2021\/08\/paz-ibarra2-70x70.jpg 70w\" sizes=\"auto, (max-width: 230px) 100vw, 230px\" \/>\t                            <ul class=\"item-icon\">\n\t                                <li>\n\t                                    <a href=\"https:\/\/diabetesyobesidad.org\/web\/doctores\/dr-jose-luis-paz-ibarra\/\">\n\t                                        <i class=\"fas fa-plus\"><\/i>\n\t                                    <\/a>\n\t                                <\/li>\n\t                            <\/ul>\n                        \t\t<\/div>\n                                                <div class=\"item-content\">\n                            <h3 class=\"item-title\">\n                              <a href=\"https:\/\/diabetesyobesidad.org\/web\/doctores\/dr-jose-luis-paz-ibarra\/\">Dr. Jos\u00e9 Luis Paz Ibarra<\/a>\n                            <\/h3>                       \n \t\t\t\t\t\t\t                             \t<p>M\u00e9dico Endocrin\u00f3logo<\/p>\n \t\t\t\t\t\t\t                        <\/div>\n                     \t<div class=\"item-content-txt text-center\"><p><\/p><\/div>\n\t\t\t\t\t        <div class=\"item-schedule\">\t\t\t\t\t          \n\t\t\t\t\t             \t\t\n\t\t\t\t\t        <\/div>\n\t\t\t\t  \t\t                      \n                    <\/div>\n\n\n                    \n                <\/div>\n\t\t\t\t\t\t\t\t\t<div class=\"rtin-item no-equal-item col-lg-4 col-md-4 col-sm-12 col-xs-12\">\n\n\t\t\t\t\t <div class=\"team-box-layout2\">\n                            \t\t\t\t\t\t\t\t\t    \n                        \t\t<div class=\"item-img\">                           \n\t\t\t\t\t\t\t\t   <img loading=\"lazy\" decoding=\"async\" width=\"230\" height=\"230\" src=\"https:\/\/diabetesyobesidad.org\/web\/wp-content\/uploads\/2021\/08\/Dr-Franz-Santiesteban-230x230.jpeg\" class=\"attachment-medilink-size5 size-medilink-size5 wp-post-image\" alt=\"\" srcset=\"https:\/\/diabetesyobesidad.org\/web\/wp-content\/uploads\/2021\/08\/Dr-Franz-Santiesteban-230x230.jpeg 230w, https:\/\/diabetesyobesidad.org\/web\/wp-content\/uploads\/2021\/08\/Dr-Franz-Santiesteban-300x300.jpeg 300w, https:\/\/diabetesyobesidad.org\/web\/wp-content\/uploads\/2021\/08\/Dr-Franz-Santiesteban-100x100.jpeg 100w, https:\/\/diabetesyobesidad.org\/web\/wp-content\/uploads\/2021\/08\/Dr-Franz-Santiesteban-600x599.jpeg 600w, https:\/\/diabetesyobesidad.org\/web\/wp-content\/uploads\/2021\/08\/Dr-Franz-Santiesteban-1024x1022.jpeg 1024w, https:\/\/diabetesyobesidad.org\/web\/wp-content\/uploads\/2021\/08\/Dr-Franz-Santiesteban-150x150.jpeg 150w, https:\/\/diabetesyobesidad.org\/web\/wp-content\/uploads\/2021\/08\/Dr-Franz-Santiesteban-768x767.jpeg 768w, https:\/\/diabetesyobesidad.org\/web\/wp-content\/uploads\/2021\/08\/Dr-Franz-Santiesteban-70x70.jpeg 70w, https:\/\/diabetesyobesidad.org\/web\/wp-content\/uploads\/2021\/08\/Dr-Franz-Santiesteban-315x315.jpeg 315w, https:\/\/diabetesyobesidad.org\/web\/wp-content\/uploads\/2021\/08\/Dr-Franz-Santiesteban.jpeg 1080w\" sizes=\"auto, (max-width: 230px) 100vw, 230px\" \/>\t                            <ul class=\"item-icon\">\n\t                                <li>\n\t                                    <a href=\"https:\/\/diabetesyobesidad.org\/web\/doctores\/dr-franz-santiesteban-alarcon\/\">\n\t                                        <i class=\"fas fa-plus\"><\/i>\n\t                                    <\/a>\n\t                                <\/li>\n\t                            <\/ul>\n                        \t\t<\/div>\n                                                <div class=\"item-content\">\n                            <h3 class=\"item-title\">\n                              <a href=\"https:\/\/diabetesyobesidad.org\/web\/doctores\/dr-franz-santiesteban-alarcon\/\">Dr. Franz Santiesteban Alarc\u00f3n<\/a>\n                            <\/h3>                       \n \t\t\t\t\t\t\t                             \t<p>M\u00e9dico Cardi\u00f3logo<\/p>\n \t\t\t\t\t\t\t                        <\/div>\n                     \t<div class=\"item-content-txt text-center\"><p><\/p><\/div>\n\t\t\t\t\t        <div class=\"item-schedule\">\t\t\t\t\t          \n\t\t\t\t\t             \t\t\n\t\t\t\t\t        <\/div>\n\t\t\t\t  \t\t                      \n                    <\/div>\n\n\n                    \n                <\/div>\n\t\t\t\t\t\t\t\t\t<div class=\"rtin-item no-equal-item col-lg-4 col-md-4 col-sm-12 col-xs-12\">\n\n\t\t\t\t\t <div class=\"team-box-layout2\">\n                            \t\t\t\t\t\t\t\t\t    \n                        \t\t<div class=\"item-img\">                           \n\t\t\t\t\t\t\t\t   <img loading=\"lazy\" decoding=\"async\" width=\"230\" height=\"230\" src=\"https:\/\/diabetesyobesidad.org\/web\/wp-content\/uploads\/2021\/08\/cacharuco-230x230.jpg\" class=\"attachment-medilink-size5 size-medilink-size5 wp-post-image\" alt=\"\" srcset=\"https:\/\/diabetesyobesidad.org\/web\/wp-content\/uploads\/2021\/08\/cacharuco-230x230.jpg 230w, https:\/\/diabetesyobesidad.org\/web\/wp-content\/uploads\/2021\/08\/cacharuco-300x300.jpg 300w, https:\/\/diabetesyobesidad.org\/web\/wp-content\/uploads\/2021\/08\/cacharuco-100x100.jpg 100w, https:\/\/diabetesyobesidad.org\/web\/wp-content\/uploads\/2021\/08\/cacharuco-150x150.jpg 150w, https:\/\/diabetesyobesidad.org\/web\/wp-content\/uploads\/2021\/08\/cacharuco-70x70.jpg 70w, https:\/\/diabetesyobesidad.org\/web\/wp-content\/uploads\/2021\/08\/cacharuco-315x315.jpg 315w\" sizes=\"auto, (max-width: 230px) 100vw, 230px\" \/>\t                            <ul class=\"item-icon\">\n\t                                <li>\n\t                                    <a href=\"https:\/\/diabetesyobesidad.org\/web\/doctores\/dr-leonardo-cacharuco-pereira\/\">\n\t                                        <i class=\"fas fa-plus\"><\/i>\n\t                                    <\/a>\n\t                                <\/li>\n\t                            <\/ul>\n                        \t\t<\/div>\n                                                <div class=\"item-content\">\n                            <h3 class=\"item-title\">\n                              <a href=\"https:\/\/diabetesyobesidad.org\/web\/doctores\/dr-leonardo-cacharuco-pereira\/\">Dr. Leonardo Cacharuco Pereira<\/a>\n                            <\/h3>                       \n \t\t\t\t\t\t\t                             \t<p>M\u00e9dico Traumat\u00f3logo<\/p>\n \t\t\t\t\t\t\t                        <\/div>\n                     \t<div class=\"item-content-txt text-center\"><p><\/p><\/div>\n\t\t\t\t\t        <div class=\"item-schedule\">\t\t\t\t\t          \n\t\t\t\t\t             \t\t\n\t\t\t\t\t        <\/div>\n\t\t\t\t  \t\t                      \n                    <\/div>\n\n\n                    \n                <\/div>\n\t\t\t\t\t\t\t\t\t<div class=\"rtin-item no-equal-item col-lg-4 col-md-4 col-sm-12 col-xs-12\">\n\n\t\t\t\t\t <div class=\"team-box-layout2\">\n                            \t\t\t\t\t\t\t\t\t    \n                        \t\t<div class=\"item-img\">                           \n\t\t\t\t\t\t\t\t   <img loading=\"lazy\" decoding=\"async\" width=\"230\" height=\"230\" src=\"https:\/\/diabetesyobesidad.org\/web\/wp-content\/uploads\/2021\/08\/Dr.-Alvaro-Palomino-urologo-230x230.jpg\" class=\"attachment-medilink-size5 size-medilink-size5 wp-post-image\" alt=\"Dr.-Alvaro-Palomino-urolog\" srcset=\"https:\/\/diabetesyobesidad.org\/web\/wp-content\/uploads\/2021\/08\/Dr.-Alvaro-Palomino-urologo-230x230.jpg 230w, https:\/\/diabetesyobesidad.org\/web\/wp-content\/uploads\/2021\/08\/Dr.-Alvaro-Palomino-urologo-300x300.jpg 300w, https:\/\/diabetesyobesidad.org\/web\/wp-content\/uploads\/2021\/08\/Dr.-Alvaro-Palomino-urologo-100x100.jpg 100w, https:\/\/diabetesyobesidad.org\/web\/wp-content\/uploads\/2021\/08\/Dr.-Alvaro-Palomino-urologo-150x150.jpg 150w, https:\/\/diabetesyobesidad.org\/web\/wp-content\/uploads\/2021\/08\/Dr.-Alvaro-Palomino-urologo-70x70.jpg 70w, https:\/\/diabetesyobesidad.org\/web\/wp-content\/uploads\/2021\/08\/Dr.-Alvaro-Palomino-urologo-315x315.jpg 315w\" sizes=\"auto, (max-width: 230px) 100vw, 230px\" \/>\t                            <ul class=\"item-icon\">\n\t                                <li>\n\t                                    <a href=\"https:\/\/diabetesyobesidad.org\/web\/doctores\/dr-alvaro-palomino-mestanza\/\">\n\t                                        <i class=\"fas fa-plus\"><\/i>\n\t                                    <\/a>\n\t                                <\/li>\n\t                            <\/ul>\n                        \t\t<\/div>\n                                                <div class=\"item-content\">\n                            <h3 class=\"item-title\">\n                              <a href=\"https:\/\/diabetesyobesidad.org\/web\/doctores\/dr-alvaro-palomino-mestanza\/\">Dr. \u00c1lvaro Palomino Mestanza<\/a>\n                            <\/h3>                       \n \t\t\t\t\t\t\t                             \t<p>M\u00e9dico Ur\u00f3logo<\/p>\n \t\t\t\t\t\t\t                        <\/div>\n                     \t<div class=\"item-content-txt text-center\"><p><\/p><\/div>\n\t\t\t\t\t        <div class=\"item-schedule\">\t\t\t\t\t          \n\t\t\t\t\t             \t\t\n\t\t\t\t\t        <\/div>\n\t\t\t\t  \t\t                      \n                    <\/div>\n\n\n                    \n                <\/div>\n\t\t\t\t\t\t\t\t\t<div class=\"rtin-item no-equal-item col-lg-4 col-md-4 col-sm-12 col-xs-12\">\n\n\t\t\t\t\t <div class=\"team-box-layout2\">\n                            \t\t\t\t\t\t\t\t\t    \n                        \t\t<div class=\"item-img\">                           \n\t\t\t\t\t\t\t\t   <img loading=\"lazy\" decoding=\"async\" width=\"230\" height=\"230\" src=\"https:\/\/diabetesyobesidad.org\/web\/wp-content\/uploads\/2021\/06\/foto-doctor-230x230.png\" class=\"attachment-medilink-size5 size-medilink-size5 wp-post-image\" alt=\"\" srcset=\"https:\/\/diabetesyobesidad.org\/web\/wp-content\/uploads\/2021\/06\/foto-doctor-230x230.png 230w, https:\/\/diabetesyobesidad.org\/web\/wp-content\/uploads\/2021\/06\/foto-doctor-300x300.png 300w, https:\/\/diabetesyobesidad.org\/web\/wp-content\/uploads\/2021\/06\/foto-doctor-100x100.png 100w, https:\/\/diabetesyobesidad.org\/web\/wp-content\/uploads\/2021\/06\/foto-doctor-600x600.png 600w, https:\/\/diabetesyobesidad.org\/web\/wp-content\/uploads\/2021\/06\/foto-doctor-1024x1024.png 1024w, https:\/\/diabetesyobesidad.org\/web\/wp-content\/uploads\/2021\/06\/foto-doctor-150x150.png 150w, https:\/\/diabetesyobesidad.org\/web\/wp-content\/uploads\/2021\/06\/foto-doctor-768x768.png 768w, https:\/\/diabetesyobesidad.org\/web\/wp-content\/uploads\/2021\/06\/foto-doctor-1536x1536.png 1536w, https:\/\/diabetesyobesidad.org\/web\/wp-content\/uploads\/2021\/06\/foto-doctor-2048x2048.png 2048w, https:\/\/diabetesyobesidad.org\/web\/wp-content\/uploads\/2021\/06\/foto-doctor-70x70.png 70w, https:\/\/diabetesyobesidad.org\/web\/wp-content\/uploads\/2021\/06\/foto-doctor-315x315.png 315w\" sizes=\"auto, (max-width: 230px) 100vw, 230px\" \/>\t                            <ul class=\"item-icon\">\n\t                                <li>\n\t                                    <a href=\"https:\/\/diabetesyobesidad.org\/web\/doctores\/dr-marco-cabalcanti\/\">\n\t                                        <i class=\"fas fa-plus\"><\/i>\n\t                                    <\/a>\n\t                                <\/li>\n\t                            <\/ul>\n                        \t\t<\/div>\n                                                <div class=\"item-content\">\n                            <h3 class=\"item-title\">\n                              <a href=\"https:\/\/diabetesyobesidad.org\/web\/doctores\/dr-marco-cabalcanti\/\">Dr. Marco Cabalcanti<\/a>\n                            <\/h3>                       \n \t\t\t\t\t\t\t                             \t<p>M\u00e9dico Radi\u00f3logo<\/p>\n \t\t\t\t\t\t\t                        <\/div>\n                     \t<div class=\"item-content-txt text-center\"><p><\/p><\/div>\n\t\t\t\t\t        <div class=\"item-schedule\">\t\t\t\t\t          \n\t\t\t\t\t             \t\t\n\t\t\t\t\t        <\/div>\n\t\t\t\t  \t\t                      \n                    <\/div>\n\n\n                    \n                <\/div>\n\t\t\t\t<\/div>\t\t<\/div>\n\t\t\t\t<\/div>\n\t\t\t\t\t<\/div>\n\t\t<\/div>\n\t\t\t\t\t\t\t<\/div>\n\t\t<\/section>\n\t\t\t\t\t\t<\/div>\n\t\t\t\t\t<\/div>\n\t\t","protected":false},"excerpt":{"rendered":"<p>Staff M\u00e9dico Dr. Miguel Angel Guillen D\u00edaz M\u00e9dico Endocrin\u00f3logo Dr. Jos\u00e9 Luis Paz Ibarra M\u00e9dico Endocrin\u00f3logo Dr. Franz Santiesteban Alarc\u00f3n M\u00e9dico Cardi\u00f3logo Dr. Leonardo Cacharuco Pereira M\u00e9dico Traumat\u00f3logo Dr. \u00c1lvaro Palomino Mestanza M\u00e9dico Ur\u00f3logo Dr. Marco Cabalcanti M\u00e9dico Radi\u00f3logo Lic. Cinthia Atarama Psic\u00f3loga Dr. Tom\u00e1s Vladimir G\u00e1lvez Ol\u00f3rtegui Oftalm\u00f3logo Lic. Lucia Aliaga Trevejo Nutricionista Lic&#8230;.<\/p>\n","protected":false},"author":1,"featured_media":0,"parent":0,"menu_order":0,"comment_status":"closed","ping_status":"closed","template":"","meta":{"footnotes":""},"class_list":["post-428","page","type-page","status-publish","hentry"],"_links":{"self":[{"href":"https:\/\/diabetesyobesidad.org\/web\/wp-json\/wp\/v2\/pages\/428","targetHints":{"allow":["GET"]}}],"collection":[{"href":"https:\/\/diabetesyobesidad.org\/web\/wp-json\/wp\/v2\/pages"}],"about":[{"href":"https:\/\/diabetesyobesidad.org\/web\/wp-json\/wp\/v2\/types\/page"}],"author":[{"embeddable":true,"href":"https:\/\/diabetesyobesidad.org\/web\/wp-json\/wp\/v2\/users\/1"}],"replies":[{"embeddable":true,"href":"https:\/\/diabetesyobesidad.org\/web\/wp-json\/wp\/v2\/comments?post=428"}],"version-history":[{"count":43,"href":"https:\/\/diabetesyobesidad.org\/web\/wp-json\/wp\/v2\/pages\/428\/revisions"}],"predecessor-version":[{"id":6065,"href":"https:\/\/diabetesyobesidad.org\/web\/wp-json\/wp\/v2\/pages\/428\/revisions\/6065"}],"wp:attachment":[{"href":"https:\/\/diabetesyobesidad.org\/web\/wp-json\/wp\/v2\/media?parent=428"}],"curies":[{"name":"wp","href":"https:\/\/api.w.org\/{rel}","templated":true}]}}